{"id":4209,"date":"2024-06-20T10:56:37","date_gmt":"2024-06-20T08:56:37","guid":{"rendered":"https:\/\/signaldebougyevents.ch\/contact\/"},"modified":"2026-04-11T20:08:30","modified_gmt":"2026-04-11T18:08:30","slug":"contact","status":"publish","type":"page","link":"https:\/\/signaldebougyevents.ch\/en\/contact\/","title":{"rendered":"Contact"},"content":{"rendered":"\t\t<div data-elementor-type=\"wp-page\" data-elementor-id=\"4209\" class=\"elementor elementor-4209 elementor-2325\" data-elementor-post-type=\"page\">\n\t\t\t\t<div class=\"elementor-element elementor-element-b145370 e-flex e-con-boxed e-con e-parent\" data-id=\"b145370\" data-element_type=\"container\" data-e-type=\"container\">\n\t\t\t\t\t<div class=\"e-con-inner\">\n\t\t\t\t<div class=\"elementor-element elementor-element-5e69caf elementor-widget elementor-widget-text-editor\" data-id=\"5e69caf\" data-element_type=\"widget\" data-e-type=\"widget\" data-widget_type=\"text-editor.default\">\n\t\t\t\t<div class=\"elementor-widget-container\">\n\t\t\t\t\t\t\t\t\t<p>Need a quote?<br \/>Fill out the form and our team will get back to you as soon as possible.<\/p>\t\t\t\t\t\t\t\t<\/div>\n\t\t\t\t<\/div>\n\t\t\t\t<div class=\"elementor-element elementor-element-954d6c6 elementor-widget__width-initial elementor-widget elementor-widget-text-editor\" data-id=\"954d6c6\" data-element_type=\"widget\" data-e-type=\"widget\" data-widget_type=\"text-editor.default\">\n\t\t\t\t<div class=\"elementor-widget-container\">\n\t\t\t\t\t\t\t\t\t<p><a href=\"mailto:info@signaldebougy.ch\">info@signaldebougy.ch<\/a><\/p><p>T\u00e9l. 058 568 31 50<\/p><p>We answer your calls every day from 10am to 4pm.<\/p><p>Outside these hours, contact us by email or via our online form. We will respond as soon as possible.<\/p>\t\t\t\t\t\t\t\t<\/div>\n\t\t\t\t<\/div>\n\t\t\t\t<div class=\"elementor-element elementor-element-3d64cb0 elementor-align-center elementor-widget elementor-widget-button\" data-id=\"3d64cb0\" data-element_type=\"widget\" data-e-type=\"widget\" data-widget_type=\"button.default\">\n\t\t\t\t<div class=\"elementor-widget-container\">\n\t\t\t\t\t\t\t\t\t<div class=\"elementor-button-wrapper\">\n\t\t\t\t\t<a class=\"elementor-button elementor-button-link elementor-size-sm\" href=\"https:\/\/signaldebougyevents.ch\/en\/request-a-quote\/\">\n\t\t\t\t\t\t<span class=\"elementor-button-content-wrapper\">\n\t\t\t\t\t\t\t\t\t<span class=\"elementor-button-text\">Request a Quote<\/span>\n\t\t\t\t\t<\/span>\n\t\t\t\t\t<\/a>\n\t\t\t\t<\/div>\n\t\t\t\t\t\t\t\t<\/div>\n\t\t\t\t<\/div>\n\t\t\t\t\t<\/div>\n\t\t\t\t<\/div>\n\t\t\t\t<\/div>\n\t\t","protected":false},"excerpt":{"rendered":"<p>Besoin d\u2019un devis ? Remplissez le formulaire afin que notre \u00e9quipe vous recontacte dans les meilleurs d\u00e9lais. info@signaldebougy.ch T\u00e9l. 058 568 31 50 Nous r\u00e9pondons \u00e0 vos appels tous les jours de 10h \u00e0 16h. En dehors de ces horaires, vous pouvez nous contacter par e-mail ou via notre formulaire en ligne. Nous vous r\u00e9pondrons [&hellip;]<\/p>\n","protected":false},"author":1,"featured_media":0,"parent":0,"menu_order":0,"comment_status":"closed","ping_status":"closed","template":"","meta":{"_acf_changed":false,"footnotes":""},"class_list":["post-4209","page","type-page","status-publish","hentry"],"acf":[],"yoast_head":"<!-- This site is optimized with the Yoast SEO plugin v27.2 - https:\/\/yoast.com\/product\/yoast-seo-wordpress\/ -->\n<title>Contact | Signal de Bougy Events | Event Venue Geneva<\/title>\n<meta name=\"description\" content=\"Contact Signal de Bougy Events for your event in Geneva. Our team answers your calls every day from 10am to 4pm.\" \/>\n<meta name=\"robots\" content=\"index, follow, max-snippet:-1, max-image-preview:large, max-video-preview:-1\" \/>\n<link rel=\"canonical\" href=\"https:\/\/signaldebougyevents.ch\/en\/contact\/\" \/>\n<meta property=\"og:locale\" content=\"en_US\" \/>\n<meta property=\"og:type\" content=\"article\" \/>\n<meta property=\"og:title\" content=\"Contact | Signal de Bougy Events | Event Venue Geneva\" \/>\n<meta property=\"og:description\" content=\"Contact Signal de Bougy Events for your event in Geneva. Our team answers your calls every day from 10am to 4pm.\" \/>\n<meta property=\"og:url\" content=\"https:\/\/signaldebougyevents.ch\/en\/contact\/\" \/>\n<meta property=\"og:site_name\" content=\"Signal de Bougy events\" \/>\n<meta property=\"article:modified_time\" content=\"2026-04-11T18:08:30+00:00\" \/>\n<meta name=\"twitter:card\" content=\"summary_large_image\" \/>\n<meta name=\"twitter:label1\" content=\"Est. reading time\" \/>\n\t<meta name=\"twitter:data1\" content=\"1 minute\" \/>\n<script type=\"application\/ld+json\" class=\"yoast-schema-graph\">{\"@context\":\"https:\/\/schema.org\",\"@graph\":[{\"@type\":\"WebPage\",\"@id\":\"https:\/\/signaldebougyevents.ch\/en\/contact\/\",\"url\":\"https:\/\/signaldebougyevents.ch\/en\/contact\/\",\"name\":\"Contact | Signal de Bougy Events | Event Venue Geneva\",\"isPartOf\":{\"@id\":\"https:\/\/signaldebougyevents.ch\/en\/#website\"},\"datePublished\":\"2024-06-20T08:56:37+00:00\",\"dateModified\":\"2026-04-11T18:08:30+00:00\",\"description\":\"Contact Signal de Bougy Events for your event in Geneva. Our team answers your calls every day from 10am to 4pm.\",\"breadcrumb\":{\"@id\":\"https:\/\/signaldebougyevents.ch\/en\/contact\/#breadcrumb\"},\"inLanguage\":\"en-US\",\"potentialAction\":[{\"@type\":\"ReadAction\",\"target\":[\"https:\/\/signaldebougyevents.ch\/en\/contact\/\"]}]},{\"@type\":\"BreadcrumbList\",\"@id\":\"https:\/\/signaldebougyevents.ch\/en\/contact\/#breadcrumb\",\"itemListElement\":[{\"@type\":\"ListItem\",\"position\":1,\"name\":\"Accueil\",\"item\":\"https:\/\/signaldebougyevents.ch\/en\/banquets-seminaires\/\"},{\"@type\":\"ListItem\",\"position\":2,\"name\":\"Contact\"}]},{\"@type\":\"WebSite\",\"@id\":\"https:\/\/signaldebougyevents.ch\/en\/#website\",\"url\":\"https:\/\/signaldebougyevents.ch\/en\/\",\"name\":\"Signal de Bougy events\",\"description\":\"\",\"potentialAction\":[{\"@type\":\"SearchAction\",\"target\":{\"@type\":\"EntryPoint\",\"urlTemplate\":\"https:\/\/signaldebougyevents.ch\/en\/?s={search_term_string}\"},\"query-input\":{\"@type\":\"PropertyValueSpecification\",\"valueRequired\":true,\"valueName\":\"search_term_string\"}}],\"inLanguage\":\"en-US\"}]}<\/script>\n<!-- \/ Yoast SEO plugin. -->","yoast_head_json":{"title":"Contact | Signal de Bougy Events | Event Venue Geneva","description":"Contact Signal de Bougy Events for your event in Geneva. Our team answers your calls every day from 10am to 4pm.","robots":{"index":"index","follow":"follow","max-snippet":"max-snippet:-1","max-image-preview":"max-image-preview:large","max-video-preview":"max-video-preview:-1"},"canonical":"https:\/\/signaldebougyevents.ch\/en\/contact\/","og_locale":"en_US","og_type":"article","og_title":"Contact | Signal de Bougy Events | Event Venue Geneva","og_description":"Contact Signal de Bougy Events for your event in Geneva. Our team answers your calls every day from 10am to 4pm.","og_url":"https:\/\/signaldebougyevents.ch\/en\/contact\/","og_site_name":"Signal de Bougy events","article_modified_time":"2026-04-11T18:08:30+00:00","twitter_card":"summary_large_image","twitter_misc":{"Est. reading time":"1 minute"},"schema":{"@context":"https:\/\/schema.org","@graph":[{"@type":"WebPage","@id":"https:\/\/signaldebougyevents.ch\/en\/contact\/","url":"https:\/\/signaldebougyevents.ch\/en\/contact\/","name":"Contact | Signal de Bougy Events | Event Venue Geneva","isPartOf":{"@id":"https:\/\/signaldebougyevents.ch\/en\/#website"},"datePublished":"2024-06-20T08:56:37+00:00","dateModified":"2026-04-11T18:08:30+00:00","description":"Contact Signal de Bougy Events for your event in Geneva. Our team answers your calls every day from 10am to 4pm.","breadcrumb":{"@id":"https:\/\/signaldebougyevents.ch\/en\/contact\/#breadcrumb"},"inLanguage":"en-US","potentialAction":[{"@type":"ReadAction","target":["https:\/\/signaldebougyevents.ch\/en\/contact\/"]}]},{"@type":"BreadcrumbList","@id":"https:\/\/signaldebougyevents.ch\/en\/contact\/#breadcrumb","itemListElement":[{"@type":"ListItem","position":1,"name":"Accueil","item":"https:\/\/signaldebougyevents.ch\/en\/banquets-seminaires\/"},{"@type":"ListItem","position":2,"name":"Contact"}]},{"@type":"WebSite","@id":"https:\/\/signaldebougyevents.ch\/en\/#website","url":"https:\/\/signaldebougyevents.ch\/en\/","name":"Signal de Bougy events","description":"","potentialAction":[{"@type":"SearchAction","target":{"@type":"EntryPoint","urlTemplate":"https:\/\/signaldebougyevents.ch\/en\/?s={search_term_string}"},"query-input":{"@type":"PropertyValueSpecification","valueRequired":true,"valueName":"search_term_string"}}],"inLanguage":"en-US"}]}},"_links":{"self":[{"href":"https:\/\/signaldebougyevents.ch\/en\/wp-json\/wp\/v2\/pages\/4209","targetHints":{"allow":["GET"]}}],"collection":[{"href":"https:\/\/signaldebougyevents.ch\/en\/wp-json\/wp\/v2\/pages"}],"about":[{"href":"https:\/\/signaldebougyevents.ch\/en\/wp-json\/wp\/v2\/types\/page"}],"author":[{"embeddable":true,"href":"https:\/\/signaldebougyevents.ch\/en\/wp-json\/wp\/v2\/users\/1"}],"replies":[{"embeddable":true,"href":"https:\/\/signaldebougyevents.ch\/en\/wp-json\/wp\/v2\/comments?post=4209"}],"version-history":[{"count":25,"href":"https:\/\/signaldebougyevents.ch\/en\/wp-json\/wp\/v2\/pages\/4209\/revisions"}],"predecessor-version":[{"id":5942,"href":"https:\/\/signaldebougyevents.ch\/en\/wp-json\/wp\/v2\/pages\/4209\/revisions\/5942"}],"wp:attachment":[{"href":"https:\/\/signaldebougyevents.ch\/en\/wp-json\/wp\/v2\/media?parent=4209"}],"curies":[{"name":"wp","href":"https:\/\/api.w.org\/{rel}","templated":true}]}}